{"id":41,"date":"2018-08-09T11:10:02","date_gmt":"2018-08-09T09:10:02","guid":{"rendered":"http:\/\/dev.rigorousthemes.com\/demo\/myportfolio\/?page_id=41"},"modified":"2024-02-02T17:04:50","modified_gmt":"2024-02-02T16:04:50","slug":"mon-parcours","status":"publish","type":"page","link":"https:\/\/www.soleaneleroy.com\/archi\/mon-parcours\/","title":{"rendered":"Mon parcours"},"content":{"rendered":"\n<div class=\"wp-block-columns\">\n<div class=\"wp-block-column\" style=\"flex-basis:40%\">\n<h2>2023-en cours<br>F\u00e9vrier-en cours<\/h2>\n\n\n\n<h4>Atelier du Canal<br>Rennes (35)<\/h4>\n<\/div>\n\n\n\n<div class=\"wp-block-column\"><\/div>\n\n\n\n<div class=\"wp-block-column\" style=\"flex-basis:66.66%\">\n<h2>Architecte DE (CDI)<br><\/h2>\n<\/div>\n<\/div>\n\n\n\n<div class=\"wp-block-columns\">\n<div class=\"wp-block-column\" style=\"flex-basis:40%\">\n<h2>2022-2023<br>Juillet-Janvier<\/h2>\n\n\n\n<h4>LIARD &amp; TANGUY Architecture <br>Rennes (35)<\/h4>\n<\/div>\n\n\n\n<div class=\"wp-block-column\"><\/div>\n\n\n\n<div class=\"wp-block-column\" style=\"flex-basis:66.66%\">\n<h2>Stage de Fin d\u2019\u00c9tude<br><\/h2>\n\n\n\n<p>\u2022 <strong>Construction d\u2019un cin\u00e9ma &#8211; espace culturel :<\/strong> Phase Concours<br>\u00c9tude programmatique, plans, coupes, fa\u00e7ades, croquis, mod\u00e9lisation, composition des planches de rendu<br>T\u00e2ches administratives de type r\u00e9daction du m\u00e9moire explicatif<br>\u2022<strong> Construction 9 maisons passives en paille :<\/strong> Phases ESQ &amp; APS<br>Plans T3 &amp; T4, mod\u00e9lisation, dossier technique sur la construction en paille, implantation, calculs thermiques<br>\u2022 <strong>R\u00e9habilitation d\u2019une maison en 9 chambres locatives :<\/strong> Phase ESQ<br>Plans, coupes, fa\u00e7ades, mod\u00e9lisation, tableau de surface, rendu r\u00e9aliste<br>\u2022 <strong>Participation \u00e0 la construction d\u2019un coll\u00e8ge <\/strong>: Phase Concours<br>Tableau de surface et plans de phasage<br>\u2022 <strong>Visites de chantier<\/strong> hebdomadaires et r\u00e9unions de projet<\/p>\n<\/div>\n<\/div>\n\n\n\n<!--more Lire la suite ...-->\n\n\n\n<div class=\"wp-block-columns\">\n<div class=\"wp-block-column\" style=\"flex-basis:40%\">\n<p><\/p>\n\n\n\n<h2>2019<br>Juin-Juillet<\/h2>\n\n\n\n<h4>LIARD &amp; TANGUY Architecture <br>Rennes (35)<\/h4>\n<\/div>\n\n\n\n<div class=\"wp-block-column\"><\/div>\n\n\n\n<div class=\"wp-block-column\" style=\"flex-basis:66.66%\">\n<p><\/p>\n\n\n\n<h2>Stage de premi\u00e8res pratiques<br><\/h2>\n\n\n\n<p>\u2022 Participation \u00e0 la r\u00e9ponse d\u2019un concours public pour une \u00e9cole primaire<br>\u2022 \u00c9tude programmatique &#8211; Organigramme <br>\u2022 Cr\u00e9ation d&rsquo;images d&rsquo;ambiance &#8211; Mod\u00e8le 3D<br>\u2022 R\u00e9alisation d&rsquo;une maquette de travail<br>\u2022 Visites de chantier et r\u00e9unions de projet<br>\u2022 T\u00e2ches administratives<\/p>\n<\/div>\n<\/div>\n\n\n\n<div class=\"wp-block-columns\">\n<div class=\"wp-block-column\" style=\"flex-basis:40%\">\n<h2>2018<br>Juin<\/h2>\n\n\n\n<h4>DELAHAYE R\u00e9novation<br>Lannion (22)<\/h4>\n<\/div>\n\n\n\n<div class=\"wp-block-column\"><\/div>\n\n\n\n<div class=\"wp-block-column\" style=\"flex-basis:66.66%\">\n<h2 class=\"alignwide\">Stage ouvrier et de chantier<br><\/h2>\n\n\n\n<p>\u2022 Pose de rails et plaques de placo-pl\u00e2tre<br>\u2022 R\u00e9alisation de joints \u00e0 la chaux <br>\u2022 Participation aux rendez-vous clients<\/p>\n\n\n\n<p><\/p>\n<\/div>\n<\/div>\n\n\n\n<div class=\"wp-block-columns\">\n<div class=\"wp-block-column\" style=\"flex-basis:40%\">\n<h2>2018<br>Mars-Mai<\/h2>\n\n\n\n<h4>All-Architectes<br>Laurent LAGADEC<br>Rennes (35)<\/h4>\n<\/div>\n\n\n\n<div class=\"wp-block-column\"><\/div>\n\n\n\n<div class=\"wp-block-column\" style=\"flex-basis:66.66%\">\n<h2>Suivi de chantier<br><\/h2>\n\n\n\n<p>\u2022 Visites d&rsquo;un chantier \u00e0 la Courrouze (35)<br>\u2022 Prises de croquis et de photos<br>\u2022 R\u00e9unions de coordination de chantier<\/p>\n<\/div>\n<\/div>\n\n\n\n<p><\/p>\n\n\n\n<div class=\"wp-block-columns\">\n<div class=\"wp-block-column\" style=\"flex-basis:40%\">\n<h2>2013<br>D\u00e9cembre<\/h2>\n\n\n\n<h4>B.Houssais Architecture<br>La Roche-Derrien (22)<\/h4>\n<\/div>\n\n\n\n<div class=\"wp-block-column\"><\/div>\n\n\n\n<div class=\"wp-block-column\" style=\"flex-basis:66.66%\">\n<h2>Stage de d\u00e9couverte professionnelle de 3\u00e8me<br><\/h2>\n\n\n\n<p>\u2022 Recherches et r\u00e9alisation de maquettes : am\u00e9nagement de la terrasse du restaurant du Ch\u00e2teau de la Roche-Jagu, construction, extension et implantation de maisons individuelles<br>\u2022 Visites du chantier pour l\u2019extension de l\u2019\u00c9cole Maternelle de Camlez<br>\u2022 Participation aux rendez-vous clients et pr\u00e9sentation des maquettes<\/p>\n<\/div>\n<\/div>\n","protected":false},"excerpt":{"rendered":"<p>2023-en coursF\u00e9vrier-en cours Atelier du CanalRennes (35) Architecte DE (CDI) 2022-2023Juillet-Janvier LIARD &amp; TANGUY Architecture Rennes (35) Stage de Fin d\u2019\u00c9tude \u2022 Construction d\u2019un cin\u00e9ma &#8211; espace culturel : Phase Concours\u00c9tude programmatique, plans, coupes, fa\u00e7ades, croquis, mod\u00e9lisation, composition des planches de renduT\u00e2ches administratives de type r\u00e9daction du m\u00e9moire explicatif\u2022 Construction 9 maisons passives en paille [&hellip;]<\/p>\n","protected":false},"author":1,"featured_media":0,"parent":0,"menu_order":0,"comment_status":"closed","ping_status":"closed","template":"","meta":[],"_links":{"self":[{"href":"https:\/\/www.soleaneleroy.com\/archi\/wp-json\/wp\/v2\/pages\/41"}],"collection":[{"href":"https:\/\/www.soleaneleroy.com\/archi\/wp-json\/wp\/v2\/pages"}],"about":[{"href":"https:\/\/www.soleaneleroy.com\/archi\/wp-json\/wp\/v2\/types\/page"}],"author":[{"embeddable":true,"href":"https:\/\/www.soleaneleroy.com\/archi\/wp-json\/wp\/v2\/users\/1"}],"replies":[{"embeddable":true,"href":"https:\/\/www.soleaneleroy.com\/archi\/wp-json\/wp\/v2\/comments?post=41"}],"version-history":[{"count":51,"href":"https:\/\/www.soleaneleroy.com\/archi\/wp-json\/wp\/v2\/pages\/41\/revisions"}],"predecessor-version":[{"id":700,"href":"https:\/\/www.soleaneleroy.com\/archi\/wp-json\/wp\/v2\/pages\/41\/revisions\/700"}],"wp:attachment":[{"href":"https:\/\/www.soleaneleroy.com\/archi\/wp-json\/wp\/v2\/media?parent=41"}],"curies":[{"name":"wp","href":"https:\/\/api.w.org\/{rel}","templated":true}]}}