{"id":37,"date":"2018-08-09T10:55:04","date_gmt":"2018-08-09T08:55:04","guid":{"rendered":"http:\/\/dev.rigorousthemes.com\/demo\/myportfolio\/?page_id=37"},"modified":"2023-06-25T12:00:26","modified_gmt":"2023-06-25T10:00:26","slug":"bonjour","status":"publish","type":"page","link":"https:\/\/www.soleaneleroy.com\/archi\/home\/bonjour\/","title":{"rendered":"Bonjour"},"content":{"rendered":"\n<p class=\"has-normal-font-size\">Apr\u00e8s mes cinq ann\u00e9es d&rsquo;\u00e9tude \u00e0 l\u2019\u00c9cole Nationale Sup\u00e9rieure d&rsquo;Architecture de Bretagne, situ\u00e9e \u00e0 Rennes et mon stage de fin d&rsquo;\u00e9tude en architecture, je suis tout juste dipl\u00f4m\u00e9e Architecte DE. J&rsquo;ai 24 ans et cela fait plus de 14 ans que je souhaite devenir architecte. Ce blog prend la forme d&rsquo;un curriculum vitae et d&rsquo;un book afin de montrer mon travail  ainsi que ma motivation \u00e0 exercer cette profession. <\/p>\n","protected":false},"excerpt":{"rendered":"<p>Apr\u00e8s mes cinq ann\u00e9es d&rsquo;\u00e9tude \u00e0 l\u2019\u00c9cole Nationale Sup\u00e9rieure d&rsquo;Architecture de Bretagne, situ\u00e9e \u00e0 Rennes et mon stage de fin d&rsquo;\u00e9tude en architecture, je suis tout juste dipl\u00f4m\u00e9e Architecte DE. J&rsquo;ai 24 ans et cela fait plus de 14 ans que je souhaite devenir architecte. Ce blog prend la forme d&rsquo;un curriculum vitae et d&rsquo;un [&hellip;]<\/p>\n","protected":false},"author":1,"featured_media":244,"parent":11,"menu_order":0,"comment_status":"closed","ping_status":"closed","template":"","meta":[],"_links":{"self":[{"href":"https:\/\/www.soleaneleroy.com\/archi\/wp-json\/wp\/v2\/pages\/37"}],"collection":[{"href":"https:\/\/www.soleaneleroy.com\/archi\/wp-json\/wp\/v2\/pages"}],"about":[{"href":"https:\/\/www.soleaneleroy.com\/archi\/wp-json\/wp\/v2\/types\/page"}],"author":[{"embeddable":true,"href":"https:\/\/www.soleaneleroy.com\/archi\/wp-json\/wp\/v2\/users\/1"}],"replies":[{"embeddable":true,"href":"https:\/\/www.soleaneleroy.com\/archi\/wp-json\/wp\/v2\/comments?post=37"}],"version-history":[{"count":12,"href":"https:\/\/www.soleaneleroy.com\/archi\/wp-json\/wp\/v2\/pages\/37\/revisions"}],"predecessor-version":[{"id":696,"href":"https:\/\/www.soleaneleroy.com\/archi\/wp-json\/wp\/v2\/pages\/37\/revisions\/696"}],"up":[{"embeddable":true,"href":"https:\/\/www.soleaneleroy.com\/archi\/wp-json\/wp\/v2\/pages\/11"}],"wp:featuredmedia":[{"embeddable":true,"href":"https:\/\/www.soleaneleroy.com\/archi\/wp-json\/wp\/v2\/media\/244"}],"wp:attachment":[{"href":"https:\/\/www.soleaneleroy.com\/archi\/wp-json\/wp\/v2\/media?parent=37"}],"curies":[{"name":"wp","href":"https:\/\/api.w.org\/{rel}","templated":true}]}}